{"id":2,"date":"2016-05-10T03:48:21","date_gmt":"2016-05-10T03:48:21","guid":{"rendered":"http:\/\/ferienhofbuellerbue.de\/?page_id=2"},"modified":"2025-06-05T09:16:57","modified_gmt":"2025-06-05T09:16:57","slug":"sample-page","status":"publish","type":"page","link":"https:\/\/ferienhofbuellerbue.de\/","title":{"rendered":"Willkommen"},"content":{"rendered":"<p>Willkommen auf unserer Homepage<\/p>\n<p>Gro\u00dfheide liegt in Ostfriesland im Dreieck von Norden 12km, Aurich 22km , Emden 25km und Hage 5km. Das sind die St\u00e4dte in der n\u00e4chsten Umgebung.<\/p>\n<p>Bis zum Strand ( Wattenmeer ) von Norddeich sind es 16 km (Juist und Norderney), Ne\u00dfmersiel 12 km (Baltrum), Bensersiel 25 km (Langeoog) auch die anderen Inseln<\/p>\n<p>sind von hier aus gut erreichbar.<\/p>\n<p>Zu den jeweiligen Inseln ist es daher m\u00f6glich, sch\u00f6ne Tagesausfl\u00fcge zu unternehmen.<\/p>\n<p>Weiteres Informationsmaterial \u00fcber Ausfl\u00fcge sowie F\u00e4hrzeiten liegen &nbsp;in der Wohnung aus.<\/p>\n<p>Bis zum Ortskern von Gro\u00dfheide sind es 1 km, da gibt es einen Edeka, Netto und den Aldi.<\/p>\n<p>B\u00e4cker, Eisdiele, Italiener und ein griechisches Restaurant&nbsp;sind dort auch vorhanden.<\/p>\n<p>Unser Hof ist genau das richtige um dem Alltagsstress zu entgehen (keine Industrie oder Schnellstra\u00dfen)<\/p>\n<p>Die Grundst\u00fccksgr\u00f6\u00dfe betr\u00e4gt 1,4 ha. Zurzeit haben wir, 2 Shettlandponys, 1 Pferd, und 10 H\u00fchner.<\/p>\n<p>Das Ferienhaus ist ein Nebengeb\u00e4ude von unserem eigenem Haus mit einem separatem Eingang und eigenem eingez\u00e4untem Garten.<\/p>\n<p>Gartenm\u00f6bel mit Auflagen und Grill sind selbstverst\u00e4ndlich dabei.<\/p>\n<p>Die Nichtraucherwohnung (105 qm) ist ausgestattet mit eingerichteter K\u00fcche (daher ist eigene Verpflegung m\u00f6glich), 2 Schlafzimmer mit Doppelbetten.<\/p>\n<p>1 Durchgangszimmer mit ausziehbarer Couch &#8211; &nbsp;Bettdecken und Kopfkissen f\u00fcr 6 Personen geh\u00f6ren nat\u00fcrlich zur Grundausstattung.<\/p>\n<p>1 Badezimmer mit Dusche und 2 Waschbecken, 1 separates WC, Flurbereich und&nbsp; Wohnzimmer mit TV\/ Satellitenanlage und Radio<\/p>\n<p>Mehr Information zur Umgebung unter <a href=\"http:\/\/www.grossheide.de\/\">K\u00fcstenland Ostfriesland: Gro\u00dfheide<\/a> .<\/p>\n","protected":false},"excerpt":{"rendered":"<p>Willkommen auf unserer Homepage Gro\u00dfheide liegt in Ostfriesland im Dreieck von Norden 12km, Aurich 22km , Emden 25km und Hage 5km. Das sind die St\u00e4dte in der n\u00e4chsten Umgebung. Bis zum Strand ( Wattenmeer ) von Norddeich sind es 16 km (Juist und Norderney), Ne\u00dfmersiel 12 km (Baltrum), Bensersiel 25 km (Langeoog) auch die anderen &hellip; <a href=\"https:\/\/ferienhofbuellerbue.de\/\" class=\"more-link\"><span class=\"screen-reader-text\">Willkommen<\/span> weiterlesen <span class=\"meta-nav\">&rarr;<\/span><\/a><\/p>\n","protected":false},"author":1,"featured_media":0,"parent":0,"menu_order":1,"comment_status":"closed","ping_status":"open","template":"","meta":{"ngg_post_thumbnail":0},"_links":{"self":[{"href":"https:\/\/ferienhofbuellerbue.de\/index.php?rest_route=\/wp\/v2\/pages\/2"}],"collection":[{"href":"https:\/\/ferienhofbuellerbue.de\/index.php?rest_route=\/wp\/v2\/pages"}],"about":[{"href":"https:\/\/ferienhofbuellerbue.de\/index.php?rest_route=\/wp\/v2\/types\/page"}],"author":[{"embeddable":true,"href":"https:\/\/ferienhofbuellerbue.de\/index.php?rest_route=\/wp\/v2\/users\/1"}],"replies":[{"embeddable":true,"href":"https:\/\/ferienhofbuellerbue.de\/index.php?rest_route=%2Fwp%2Fv2%2Fcomments&post=2"}],"version-history":[{"count":6,"href":"https:\/\/ferienhofbuellerbue.de\/index.php?rest_route=\/wp\/v2\/pages\/2\/revisions"}],"predecessor-version":[{"id":226,"href":"https:\/\/ferienhofbuellerbue.de\/index.php?rest_route=\/wp\/v2\/pages\/2\/revisions\/226"}],"wp:attachment":[{"href":"https:\/\/ferienhofbuellerbue.de\/index.php?rest_route=%2Fwp%2Fv2%2Fmedia&parent=2"}],"curies":[{"name":"wp","href":"https:\/\/api.w.org\/{rel}","templated":true}]}}