{"id":107,"date":"2020-07-20T07:23:12","date_gmt":"2020-07-20T07:23:12","guid":{"rendered":"http:\/\/ferienhofbuellerbue.de\/?page_id=107"},"modified":"2026-02-14T06:20:55","modified_gmt":"2026-02-14T06:20:55","slug":"allgemeine-geschaeftsbedingungen","status":"publish","type":"page","link":"https:\/\/ferienhofbuellerbue.de\/?page_id=107","title":{"rendered":"Allgemeine Gesch\u00e4ftsbedingungen"},"content":{"rendered":"<div>&nbsp;<\/div>\n<div>\n<div>&nbsp; &nbsp; &nbsp; &nbsp;<strong> 1. Buchung<\/strong><\/div>\n<div>\n<ul class=\"innerList defaultList\">\n<li>Die Vertrag gilt als verbindlich geschlossen, sobald die Buchung durch den Gast get\u00e4tigt und die Reservierung durch uns schriftlich best\u00e4tigt wurde.<\/li>\n<li>Die Buchung durch den Gast kann per e-Mail oder Whatsapp erfolgen.<\/li>\n<li>Der Hauptmieter gilt als Vertragspartner und haftet gesamtschuldnerisch.<\/li>\n<\/ul>\n<\/div>\n<div>\n<ul class=\"innerList defaultList\">\n<li><strong>2. Datennutzung<\/strong>\n<div>\n<ul class=\"innerList defaultList\">\n<li>F\u00fcr die Entgegennahme der Buchung ben\u00f6tigen wir Vor- und Zuname (Hauptmieter), die Postanschrift, und dessen Telefon-Nr., bevorzugt eine whatsappf\u00e4hige Handy-Nr..<\/li>\n<li>Die Daten werden ausschlie\u00dflich f\u00fcr betriebsinterne Zwecke gespeichert (erneute Buchung, Weihnachtsgr\u00fc\u00dfe o.\u00e4.) und nicht zu Werbezwecken oder sonstigem genutzt. Au\u00dferdem werden sie nicht an Dritte weitergegeben, sofern wir nicht gesetzlich zur Weitergabe verpflichtet sind.<\/li>\n<li>Der Speicherung und o.g. Nutzung der Daten kann jederzeit schriftlich widersprochen werden.<\/li>\n<\/ul>\n<\/div>\n<div>&nbsp;<\/div>\n<div><strong>3. Zahlungsvereinbarung<\/strong><\/div>\n<div>\n<ul class=\"innerList defaultList\">\n<li>Nach Erhalt unserer Reservierungsbest\u00e4tigung sind 50% des Gesamtbetrages sofort f\u00e4llig.<\/li>\n<li>Die Restzahlung hat bis sp\u00e4testens 4 Wochen vor Anreise zu erfolgen.<\/li>\n<li>Bei kurzfristigen Buchungen und einer Anreise in weniger als 6 Wochen ist der Gesamtbetrag sofort f\u00e4llig.<\/li>\n<li>Die jeweiligen Zahlungen m\u00fcssen per \u00dcberweisung auf das in der Reservierungsbest\u00e4tigung angegebene Konto erfolgen.<\/li>\n<\/ul>\n<div><strong>&nbsp;4. Storno<\/strong><\/div>\n<div>\n<ul class=\"innerList defaultList\">\n<li>Nach erfolgter Buchung ist eine Stornierung nicht mehr m\u00f6glich, unabh\u00e4ngig vom Zeitpunkt der geplanten Anreise.<\/li>\n<li>Sollte ein Gast nicht anreisen k\u00f6nnen, steht es ihm frei, seinen gebuchten Aufenthalt an Dritte weiterzugeben bzw. zu verkaufen. Dies setzt aber in jedem Fall die vorherige Absprache mit uns voraus, da sonst der urspr\u00fcngliche Hauptmieter weiterhin gesamtschuldnerisch haftet.<\/li>\n<li>Der Mieter hat trotz eventueller kompletter Belegung des stornierten Zeitraumes 50\u20ac als Kostenpauschale an den Vermieter zur Abgeltung des zus\u00e4tzlichen Aufwandes zu zahlen.<\/li>\n<li>Grunds\u00e4tzlich gilt: Eine nicht Anreise oder fr\u00fchere Abreise entbindet nicht von der Zahlungspflicht.<\/li>\n<li>Wir empfehlen den Abschluss einer Reiser\u00fccktrittversicherung.<\/li>\n<li>Bitte die Zahlungsziele bachten, bei Nichtzahlung gehen wir von einem Storno aus. Sie werden von uns informiert, in Form einer Erinnerung, mit der Bitte um Ausgleich.<\/li>\n<\/ul>\n<p><strong>5.&nbsp; Storno durch Vermieter<\/strong><\/p>\n<p>Im Falle einer Absage unsererseits infolge h\u00f6herer Gewalt oder anderer unvorhersehbarer nicht zu vertretende Umst\u00e4nde (wie z.B. Wasserschaden) die die Erf\u00fcllung&nbsp;unm\u00f6glich machen;&nbsp;&nbsp;beschr\u00e4nkt sich die&nbsp;Haftung auf die R\u00fcckerstattung der Kosten. Bei berechtigtem R\u00fccktritt entsteht kein Anspruch auf Schadensersatz &#8211; eine Haftung f\u00fcr Anreise und&nbsp;&nbsp;Hotelkosten&nbsp;&nbsp;werden nicht \u00fcbernommen.<\/p>\n<\/div>\n<div>&nbsp;<\/div>\n<div>\n<div><strong>6&nbsp;.An- und Abreise<\/strong><\/div>\n<div>\n<ul class=\"innerList defaultList\">\n<li>Sofern nichts anderes vereinbart wurde, steht die gebuchte Wohnung ab 15:00 Uhr zur Verf\u00fcgung.<\/li>\n<li>Der versp\u00e4teter&nbsp; Anreise setzen Sie sich bitte mit uns in Verbindung.<\/li>\n<li>Schl\u00fcssel\u00fcbergabe und Einweisung erfolgt durch uns..<\/li>\n<li>Am Abreisetag ist die Wohnung entsprechend der Bedingungen der Hausordnung bis 10:00 Uhr an uns zu \u00fcbergeben.<\/li>\n<li>Grunds\u00e4tzlich gilt: Auch An- oder Abreisen zu anderen (teilweise auch ungew\u00f6hnlichen) Zeiten schlie\u00dfen wir nicht aus, k\u00f6nnen allerdings nicht garantieren, dies m\u00f6glich zu machen. Solche Sondervereinbarungen m\u00fcssen unbedingt im Vorfeld mit uns abgesprochen sein.<\/li>\n<\/ul>\n<div><strong>&nbsp;7. Haftung<\/strong><\/div>\n<div>\n<ul class=\"innerList defaultList\">\n<li>Der Gast haftet f\u00fcr durch ihn entstandene Sch\u00e4den. Wir bitten um umgehende Meldung und nicht erst am Ende des Urlaubes.<\/li>\n<li>Sollten M\u00e4ngel oder Sch\u00e4den vom Vorg\u00e4nger bei Anreise festgestellt werden, sind diese unverz\u00fcglich an uns zu melden.<\/li>\n<li>F\u00fcr Wertgegenst\u00e4nde o.\u00e4., die der Gast mitbringt und in der Wohnung lagert, kann keine Haftung unsererseits \u00fcbernommen werden.<\/li>\n<li>Gleiches gilt f\u00fcr bei uns abgestellte Fahrger\u00e4te, geparkte Autos, sowie Spielsachen oder Spielger\u00e4te.<\/li>\n<li>Das Parken von Autos auf unserem Grundst\u00fcck erfolgt auf eigene Gefahr.<\/li>\n<\/ul>\n<\/div>\n<div><strong><span style=\"background-color: #aaaaaa;\">8<\/span>. Belegung und Nutzung der Ferienwohnung<\/strong><\/div>\n<div>\n<ul class=\"innerList defaultList\">\n<li>Die Belegung ist nur mit der in der Reservierungsbest\u00e4tigung angegebenen Personen- und Hundeanzahl gestattet.<\/li>\n<li>Auch Hausfremde Tagesg\u00e4ste &#8222;zu Besuch&#8220; sollten m\u00f6glichst mit uns abgesprochen werden, sofern es \u00fcber ein kurzes Kaffee trinken hinaus geht oder an mehreren Tagen stattfindet.<\/li>\n<li>Die Nutzung der Ferienwohnungen ist ausschlie\u00dflich zu privaten Urlaubszwecken erlaubt. Auch bei l\u00e4ngerer Buchung be- und entsteht ausdr\u00fccklich kein Langzeitmietverh\u00e4ltniss.<\/li>\n<li>Eine gewerbliche Nutzung der Wohnung durch den Gast ist untersagt, bzw. bedarf unserer ausdr\u00fccklichen Genehmigung.<\/li>\n<\/ul>\n<div>\n<div><span style=\"background-color: #aaaaaa;\">9<\/span><strong> Die Hausordnung<\/strong>&nbsp; ist unbedingt zu beachten. Sie &nbsp;wird dar\u00fcber hinaus dem Gast,&nbsp;zusammen mit der Reservierungsbest\u00e4tigung&nbsp; zugeschickt.<\/div>\n<\/div>\n<\/div>\n<\/div>\n<\/div>\n<\/div>\n<\/li>\n<\/ul>\n<\/div>\n<\/div>\n<div>&nbsp;<\/div>\n","protected":false},"excerpt":{"rendered":"<p>&nbsp; &nbsp; &nbsp; &nbsp; &nbsp; 1. Buchung Die Vertrag gilt als verbindlich geschlossen, sobald die Buchung durch den Gast get\u00e4tigt und die Reservierung durch uns schriftlich best\u00e4tigt wurde. Die Buchung durch den Gast kann per e-Mail oder Whatsapp erfolgen. Der Hauptmieter gilt als Vertragspartner und haftet gesamtschuldnerisch. 2. Datennutzung F\u00fcr die Entgegennahme der Buchung ben\u00f6tigen &hellip; <a href=\"https:\/\/ferienhofbuellerbue.de\/?page_id=107\" class=\"more-link\"><span class=\"screen-reader-text\">Allgemeine Gesch\u00e4ftsbedingungen<\/span> weiterlesen <span class=\"meta-nav\">&rarr;<\/span><\/a><\/p>\n","protected":false},"author":1,"featured_media":0,"parent":0,"menu_order":0,"comment_status":"closed","ping_status":"closed","template":"","meta":{"ngg_post_thumbnail":0},"_links":{"self":[{"href":"https:\/\/ferienhofbuellerbue.de\/index.php?rest_route=\/wp\/v2\/pages\/107"}],"collection":[{"href":"https:\/\/ferienhofbuellerbue.de\/index.php?rest_route=\/wp\/v2\/pages"}],"about":[{"href":"https:\/\/ferienhofbuellerbue.de\/index.php?rest_route=\/wp\/v2\/types\/page"}],"author":[{"embeddable":true,"href":"https:\/\/ferienhofbuellerbue.de\/index.php?rest_route=\/wp\/v2\/users\/1"}],"replies":[{"embeddable":true,"href":"https:\/\/ferienhofbuellerbue.de\/index.php?rest_route=%2Fwp%2Fv2%2Fcomments&post=107"}],"version-history":[{"count":9,"href":"https:\/\/ferienhofbuellerbue.de\/index.php?rest_route=\/wp\/v2\/pages\/107\/revisions"}],"predecessor-version":[{"id":239,"href":"https:\/\/ferienhofbuellerbue.de\/index.php?rest_route=\/wp\/v2\/pages\/107\/revisions\/239"}],"wp:attachment":[{"href":"https:\/\/ferienhofbuellerbue.de\/index.php?rest_route=%2Fwp%2Fv2%2Fmedia&parent=107"}],"curies":[{"name":"wp","href":"https:\/\/api.w.org\/{rel}","templated":true}]}}